{"id":1851,"date":"2021-01-07T13:19:22","date_gmt":"2021-01-07T13:19:22","guid":{"rendered":"https:\/\/crealunapark.bcd.ch\/chaises-volantes\/"},"modified":"2021-01-22T10:32:43","modified_gmt":"2021-01-22T10:32:43","slug":"chaises-volantes","status":"publish","type":"page","link":"https:\/\/crealunapark.bcd.ch\/fr\/chaises-volantes\/","title":{"rendered":"Chaises volantes"},"content":{"rendered":"<p>[et_pb_section fb_built=\u00a0\u00bb1&Prime; _builder_version=\u00a0\u00bb4.4.6&Prime; background_image=\u00a0\u00bbhttps:\/\/crealunapark.bcd.ch\/wp-content\/uploads\/2020\/05\/Hintergrund_Linie_1PX_1920PX_Breite.png\u00a0\u00bb background_size=\u00a0\u00bbcontain\u00a0\u00bb background_repeat=\u00a0\u00bbrepeat-y\u00a0\u00bb custom_padding=\u00a0\u00bb||0px|||\u00a0\u00bb][et_pb_row _builder_version=\u00a0\u00bb4.4.6&Prime; width_tablet=\u00a0\u00bb100%\u00a0\u00bb width_phone=\u00a0\u00bb100%\u00a0\u00bb width_last_edited=\u00a0\u00bbon|tablet\u00a0\u00bb custom_padding=\u00a0\u00bb||0px|||\u00a0\u00bb][et_pb_column type=\u00a0\u00bb4_4&Prime; _builder_version=\u00a0\u00bb4.4.6&Prime;]<\/p>\n<p>[et_pb_nextend_smart_slider_3 slider=\u00a0\u00bb22&Prime; _builder_version=\u00a0\u00bb4.4.6&Prime;][\/et_pb_nextend_smart_slider_3]<\/p>\n<p>[\/et_pb_column][\/et_pb_row][\/et_pb_section][et_pb_section fb_built=\u00a0\u00bb1&Prime; fullwidth=\u00a0\u00bbon\u00a0\u00bb _builder_version=\u00a0\u00bb4.4.8&Prime; background_color=\u00a0\u00bbrgba(0,0,0,0)\u00a0\u00bb background_image=\u00a0\u00bbhttps:\/\/crealunapark.bcd.ch\/wp-content\/uploads\/2020\/07\/Lila_Linie_RGB_fu\u0308r_1920PX_Breite.png\u00a0\u00bb background_size=\u00a0\u00bbcontain\u00a0\u00bb background_repeat=\u00a0\u00bbrepeat-y\u00a0\u00bb][et_pb_fullwidth_image src=\u00a0\u00bbhttps:\/\/crealunapark.bcd.ch\/wp-content\/uploads\/2020\/05\/Hintergrund_Strahlen_1920PX_Breite.png\u00a0\u00bb _builder_version=\u00a0\u00bb4.4.8&Prime;][\/et_pb_fullwidth_image][\/et_pb_section][et_pb_section fb_built=\u00a0\u00bb1&Prime; _builder_version=\u00a0\u00bb4.4.8&Prime; background_color=\u00a0\u00bbrgba(0,0,0,0)\u00a0\u00bb background_image=\u00a0\u00bbhttps:\/\/crealunapark.bcd.ch\/wp-content\/uploads\/2020\/07\/Lila_Linie_RGB_fu\u0308r_1920PX_Breite.png\u00a0\u00bb background_size=\u00a0\u00bbcontain\u00a0\u00bb background_repeat=\u00a0\u00bbrepeat-y\u00a0\u00bb][et_pb_row disabled_on=\u00a0\u00bboff|off|off\u00a0\u00bb _builder_version=\u00a0\u00bb4.4.6&Prime;][et_pb_column type=\u00a0\u00bb4_4&Prime; _builder_version=\u00a0\u00bb4.4.6&Prime;][et_pb_text _builder_version=\u00a0\u00bb4.4.8&Prime; header_5_text_color=\u00a0\u00bb#ffffff\u00a0\u00bb hover_enabled=\u00a0\u00bb0&Prime; header_5_text_color_phone=\u00a0\u00bb#5d3c80&Prime; header_5_font_size_phone=\u00a0\u00bb28px\u00a0\u00bb]<\/p>\n<h5>Chaises volantes<\/h5>\n<p>[\/et_pb_text][\/et_pb_column][\/et_pb_row][et_pb_row custom_padding_last_edited=\u00a0\u00bbon|phone\u00a0\u00bb _builder_version=\u00a0\u00bb4.4.6&Prime; width=\u00a0\u00bb62%\u00a0\u00bb width_tablet=\u00a0\u00bb80%\u00a0\u00bb width_phone=\u00a0\u00bb\u00a0\u00bb width_last_edited=\u00a0\u00bbon|desktop\u00a0\u00bb custom_padding=\u00a0\u00bb|7%|||false|false\u00a0\u00bb custom_padding_tablet=\u00a0\u00bb|0%|||false|false\u00a0\u00bb custom_padding_phone=\u00a0\u00bb|0%|||false|false\u00a0\u00bb][et_pb_column type=\u00a0\u00bb4_4&Prime; _builder_version=\u00a0\u00bb4.4.6&Prime;][et_pb_text _builder_version=\u00a0\u00bb4.4.6&Prime;]<\/p>\n<h1>S\u2019envoler au Pays des merveilles<\/h1>\n<p>[\/et_pb_text][\/et_pb_column][\/et_pb_row][et_pb_row custom_padding_last_edited=\u00a0\u00bbon|desktop\u00a0\u00bb _builder_version=\u00a0\u00bb4.4.6&Prime; width=\u00a0\u00bb62%\u00a0\u00bb width_tablet=\u00a0\u00bb80%\u00a0\u00bb width_phone=\u00a0\u00bb\u00a0\u00bb width_last_edited=\u00a0\u00bbon|desktop\u00a0\u00bb custom_padding=\u00a0\u00bb0px|7%|100px||false|false\u00a0\u00bb custom_padding_tablet=\u00a0\u00bb|0%|40px||false|false\u00a0\u00bb custom_padding_phone=\u00a0\u00bb|0%|15px||false|false\u00a0\u00bb][et_pb_column type=\u00a0\u00bb4_4&Prime; _builder_version=\u00a0\u00bb4.4.6&Prime;][et_pb_text _builder_version=\u00a0\u00bb4.4.8&Prime;]<\/p>\n<p>Avec les chaises volantes MAGIC-CASTLE, les enfants s\u2019envolent vers le monde des r\u00eaves et des contes de f\u00e9es, plein de magie et d\u2019enchantement. Ils voltigent sans souci dans les airs, au-dessus du sol et sentent le vent frais sur leur visage : une exp\u00e9rience dont les petits raffolent, l\u2019attraction met en valeur chaque occasion et chaque c\u00e9l\u00e9bration.<\/p>\n<p>Pendant la promenade, les enfants peuvent p\u00eacher un serpent en peluche \u00e0 la canne \u00e0 p\u00eache. Celui ou celle qui l\u2019attrape a droit \u00e0 un tour gratuit ! Un concours amusant pour qui remportera le serpent !<\/p>\n<p>[\/et_pb_text][et_pb_text _builder_version=\u00a0\u00bb4.4.8&Prime; text_text_color=\u00a0\u00bb#5d3c80&Prime; header_6_font=\u00a0\u00bbMultiblesans Pro Regular||||||||\u00a0\u00bb header_6_text_color=\u00a0\u00bb#5d3c80&Prime; header_6_font_size=\u00a0\u00bb21px\u00a0\u00bb transform_translate_linked__hover=\u00a0\u00bboff\u00a0\u00bb custom_padding=\u00a0\u00bb30px|||||\u00a0\u00bb header_6_text_align_tablet=\u00a0\u00bb\u00a0\u00bb header_6_text_align_phone=\u00a0\u00bb\u00a0\u00bb header_6_text_align_last_edited=\u00a0\u00bbon|desktop\u00a0\u00bb header_6_font_size_tablet=\u00a0\u00bb\u00a0\u00bb header_6_font_size_phone=\u00a0\u00bb19px\u00a0\u00bb header_6_font_size_last_edited=\u00a0\u00bbon|desktop\u00a0\u00bb content__hover_enabled=\u00a0\u00bbon|hover\u00a0\u00bb transform_styles__hover_enabled=\u00a0\u00bbon|hover\u00a0\u00bb transform_scale__hover_enabled=\u00a0\u00bbon|hover\u00a0\u00bb transform_translate__hover_enabled=\u00a0\u00bbon|hover\u00a0\u00bb transform_rotate__hover_enabled=\u00a0\u00bbon|hover\u00a0\u00bb transform_skew__hover_enabled=\u00a0\u00bbon|hover\u00a0\u00bb transform_origin__hover_enabled=\u00a0\u00bbon|hover\u00a0\u00bb transform_translate__hover=\u00a0\u00bb12px|0px\u00a0\u00bb]<\/p>\n<h6><a href=\"https:\/\/crealunapark.bcd.ch\/wp-content\/uploads\/2020\/11\/Kinderkettenflieger_Prospekt_Laubscher_Lunapark.pdf\" target=\"_blank\" rel=\"noopener noreferrer\">Prospectus (PDF 800 KB)<\/a><\/h6>\n<p>[\/et_pb_text][\/et_pb_column][\/et_pb_row][\/et_pb_section][et_pb_section fb_built=\u00a0\u00bb1&Prime; _builder_version=\u00a0\u00bb4.4.6&Prime; custom_padding=\u00a0\u00bb0px||0px|||\u00a0\u00bb][et_pb_row column_structure=\u00a0\u00bb1_2,1_2&Prime; use_custom_gutter=\u00a0\u00bbon\u00a0\u00bb gutter_width=\u00a0\u00bb1&Prime; custom_padding_last_edited=\u00a0\u00bbon|phone\u00a0\u00bb _builder_version=\u00a0\u00bb4.4.6&Prime; width=\u00a0\u00bb100%\u00a0\u00bb max_width=\u00a0\u00bb100%\u00a0\u00bb custom_padding=\u00a0\u00bb0px||10px||false|false\u00a0\u00bb custom_padding_tablet=\u00a0\u00bb\u00a0\u00bb custom_padding_phone=\u00a0\u00bb\u00a0\u00bb][et_pb_column type=\u00a0\u00bb1_2&Prime; _builder_version=\u00a0\u00bb4.4.6&Prime;][et_pb_image src=\u00a0\u00bbhttps:\/\/crealunapark.bcd.ch\/wp-content\/uploads\/2020\/06\/Kinderkettenflieger_Bild_Laubscher_Lunapark_2.jpg\u00a0\u00bb _builder_version=\u00a0\u00bb4.4.8&Prime;][\/et_pb_image][\/et_pb_column][et_pb_column type=\u00a0\u00bb1_2&Prime; _builder_version=\u00a0\u00bb4.4.6&Prime;][et_pb_image src=\u00a0\u00bbhttps:\/\/crealunapark.bcd.ch\/wp-content\/uploads\/2020\/06\/Kinderkettenflieger_Bild_Laubscher_Lunapark_1.jpg\u00a0\u00bb _builder_version=\u00a0\u00bb4.4.8&Prime;][\/et_pb_image][\/et_pb_column][\/et_pb_row][\/et_pb_section][et_pb_section fb_built=\u00a0\u00bb1&Prime; _builder_version=\u00a0\u00bb4.4.6&Prime;][et_pb_row disabled_on=\u00a0\u00bboff|off|off\u00a0\u00bb _builder_version=\u00a0\u00bb4.4.6&Prime; custom_padding=\u00a0\u00bb||0px|||\u00a0\u00bb][et_pb_column type=\u00a0\u00bb4_4&Prime; _builder_version=\u00a0\u00bb4.4.6&Prime;][et_pb_text _builder_version=\u00a0\u00bb4.4.8&Prime; header_5_text_color=\u00a0\u00bb#ebe9ee\u00a0\u00bb header_5_text_color_tablet=\u00a0\u00bb#ebe9ee\u00a0\u00bb header_5_text_color_phone=\u00a0\u00bb#5d3c80&Prime; header_5_text_color_last_edited=\u00a0\u00bbon|desktop\u00a0\u00bb]<\/p>\n<h5>Infos techniques<\/h5>\n<p>[\/et_pb_text][\/et_pb_column][\/et_pb_row][et_pb_row custom_padding_last_edited=\u00a0\u00bbon|desktop\u00a0\u00bb _builder_version=\u00a0\u00bb4.4.6&Prime; width=\u00a0\u00bb62%\u00a0\u00bb width_tablet=\u00a0\u00bb80%\u00a0\u00bb width_phone=\u00a0\u00bb\u00a0\u00bb width_last_edited=\u00a0\u00bbon|desktop\u00a0\u00bb custom_padding=\u00a0\u00bb|0px|100px||false|false\u00a0\u00bb custom_padding_tablet=\u00a0\u00bb|0%|50px||false|false\u00a0\u00bb custom_padding_phone=\u00a0\u00bb|0%|15px||false|false\u00a0\u00bb][et_pb_column type=\u00a0\u00bb4_4&Prime; _builder_version=\u00a0\u00bb4.4.6&Prime;][et_pb_text _builder_version=\u00a0\u00bb4.4.8&Prime;]<\/p>\n<h2>Espace utile : \u00d8 7.5 m\u00e8tres (barri\u00e8res incluses)<br \/>Places assises : 16<br \/>Pour la caisse : 2 x 2 m\u00e8tres<br \/>Type de connecteur : prise EURO 16<br \/>Consommation \u00e9lectrique : 6 Kw\/h<\/h2>\n<p>[\/et_pb_text][\/et_pb_column][\/et_pb_row][\/et_pb_section][et_pb_section fb_built=\u00a0\u00bb1&Prime; _builder_version=\u00a0\u00bb4.4.6&Prime; background_color=\u00a0\u00bb#e9e8ee\u00a0\u00bb background_image=\u00a0\u00bbhttps:\/\/crealunapark.bcd.ch\/wp-content\/uploads\/2020\/05\/Hintergrund_Linie_1PX_1920PX_Breite.png\u00a0\u00bb background_size=\u00a0\u00bbcontain\u00a0\u00bb background_repeat=\u00a0\u00bbrepeat-y\u00a0\u00bb custom_padding=\u00a0\u00bb0px|||||\u00a0\u00bb][et_pb_row _builder_version=\u00a0\u00bb4.4.6&Prime; custom_padding=\u00a0\u00bb0px||0px|||\u00a0\u00bb][et_pb_column type=\u00a0\u00bb4_4&Prime; _builder_version=\u00a0\u00bb4.4.6&Prime;]<\/p>\n<p>[et_pb_nextend_smart_slider_3 slider=\u00a0\u00bb18&Prime; _builder_version=\u00a0\u00bb4.4.6&Prime;][\/et_pb_nextend_smart_slider_3]<\/p>\n<p>[\/et_pb_column][\/et_pb_row][\/et_pb_section][et_pb_section fb_built=\u00a0\u00bb1&Prime; custom_padding_last_edited=\u00a0\u00bbon|desktop\u00a0\u00bb _builder_version=\u00a0\u00bb4.4.6&Prime; background_image=\u00a0\u00bbhttps:\/\/crealunapark.bcd.ch\/wp-content\/uploads\/2020\/05\/Hintergrund_Linie_1PX_1920PX_Breite.png\u00a0\u00bb background_size=\u00a0\u00bbcontain\u00a0\u00bb background_repeat=\u00a0\u00bbrepeat-y\u00a0\u00bb custom_padding=\u00a0\u00bb||0px|||\u00a0\u00bb custom_padding_tablet=\u00a0\u00bb\u00a0\u00bb custom_padding_phone=\u00a0\u00bb\u00a0\u00bb][et_pb_row disabled_on=\u00a0\u00bbon|off|off\u00a0\u00bb _builder_version=\u00a0\u00bb4.4.6&Prime;][et_pb_column type=\u00a0\u00bb4_4&Prime; _builder_version=\u00a0\u00bb4.4.6&Prime;][et_pb_text _builder_version=\u00a0\u00bb4.4.6&Prime; header_5_text_color=\u00a0\u00bb#b9abbb\u00a0\u00bb]<\/p>\n<h5>Conseils et contacts<\/h5>\n<p>[\/et_pb_text][\/et_pb_column][\/et_pb_row][et_pb_row custom_padding_last_edited=\u00a0\u00bbon|desktop\u00a0\u00bb _builder_version=\u00a0\u00bb4.4.6&Prime; width=\u00a0\u00bb62%\u00a0\u00bb width_tablet=\u00a0\u00bb80%\u00a0\u00bb width_phone=\u00a0\u00bb\u00a0\u00bb width_last_edited=\u00a0\u00bbon|desktop\u00a0\u00bb custom_padding=\u00a0\u00bb|7%|0px||false|false\u00a0\u00bb custom_padding_tablet=\u00a0\u00bb|0%|||false|false\u00a0\u00bb custom_padding_phone=\u00a0\u00bb|0%|||false|false\u00a0\u00bb][et_pb_column type=\u00a0\u00bb4_4&Prime; _builder_version=\u00a0\u00bb4.4.6&Prime;][et_pb_text content_tablet=\u00a0\u00bb\u00a0\u00bb content_phone=\u00a0\u00bb<\/p>\n<h1>Conseils et contacts<\/h1>\n<p>\u00a0\u00bb content_last_edited=\u00a0\u00bbon|tablet\u00a0\u00bb _builder_version=\u00a0\u00bb4.4.8&Prime; header_text_color=\u00a0\u00bb#c3bdc6&Prime; custom_margin=\u00a0\u00bb||30px||false|false\u00a0\u00bb custom_margin_tablet=\u00a0\u00bb\u00a0\u00bb custom_margin_phone=\u00a0\u00bb||20px||false|false\u00a0\u00bb custom_margin_last_edited=\u00a0\u00bbon|desktop\u00a0\u00bb]<\/p>\n<h1>Laubscher Lunapark AG<\/h1>\n<p>[\/et_pb_text][et_pb_text _builder_version=\u00a0\u00bb4.4.6&Prime; header_text_color=\u00a0\u00bb#c3bdc6&Prime;]<\/p>\n<h1>Portable 079 334 59 00<br \/><a title=\"E-Mail\" href=\"mailto:info@lunapark.ch\">info@lunapark.ch<\/a><\/h1>\n<p>[\/et_pb_text][\/et_pb_column][\/et_pb_row][\/et_pb_section][et_pb_section fb_built=\u00a0\u00bb1&Prime; fullwidth=\u00a0\u00bbon\u00a0\u00bb _builder_version=\u00a0\u00bb4.4.6&Prime;][et_pb_fullwidth_image src=\u00a0\u00bbhttps:\/\/crealunapark.bcd.ch\/wp-content\/uploads\/2020\/05\/Hintergrund_Strahlen_1920PX_Breite.png\u00a0\u00bb _builder_version=\u00a0\u00bb4.4.8&Prime;][\/et_pb_fullwidth_image][\/et_pb_section][et_pb_section fb_built=\u00a0\u00bb1&Prime; _builder_version=\u00a0\u00bb4.4.6&Prime; background_color=\u00a0\u00bbrgba(0,0,0,0)\u00a0\u00bb global_module=\u00a0\u00bb250&Prime; saved_tabs=\u00a0\u00bball\u00a0\u00bb][et_pb_row column_structure=\u00a0\u00bb1_3,1_3,1_3&Prime; _builder_version=\u00a0\u00bb4.4.8&Prime; custom_padding=\u00a0\u00bb|7%|||false|false\u00a0\u00bb][et_pb_column type=\u00a0\u00bb1_3&Prime; _builder_version=\u00a0\u00bb4.4.8&Prime;][et_pb_image src=\u00a0\u00bbhttps:\/\/crealunapark.bcd.ch\/wp-content\/uploads\/2020\/05\/Stern_Footer.png\u00a0\u00bb align_tablet=\u00a0\u00bbleft\u00a0\u00bb align_phone=\u00a0\u00bbleft\u00a0\u00bb align_last_edited=\u00a0\u00bbon|tablet\u00a0\u00bb _builder_version=\u00a0\u00bb4.4.8&Prime; width=\u00a0\u00bb9%\u00a0\u00bb width_tablet=\u00a0\u00bb7%\u00a0\u00bb width_phone=\u00a0\u00bb11%\u00a0\u00bb width_last_edited=\u00a0\u00bbon|phone\u00a0\u00bb module_alignment=\u00a0\u00bbleft\u00a0\u00bb custom_margin=\u00a0\u00bb||12px||false|false\u00a0\u00bb][\/et_pb_image][et_pb_text content_tablet=\u00a0\u00bb\u00a0\u00bb content_phone=\u00a0\u00bb<\/p>\n<p>\u00a9 Laubscher Lunapark AG<br \/> Rue du Coll\u00e8ge 8<br \/> 2502 Biel\/Bienne<\/p>\n<p>\u00a0\u00bb content_last_edited=\u00a0\u00bbon|desktop\u00a0\u00bb _builder_version=\u00a0\u00bb4.4.8&Prime; custom_margin=\u00a0\u00bb||10px||false|false\u00a0\u00bb]<\/p>\n<p>Laubscher Lunapark AG<br \/>Rue du Coll\u00e8ge 8<br \/>2502 Biel\/Bienne<\/p>\n<p>[\/et_pb_text][\/et_pb_column][et_pb_column type=\u00a0\u00bb1_3&Prime; _builder_version=\u00a0\u00bb4.4.8&Prime;][et_pb_image src=\u00a0\u00bbhttps:\/\/crealunapark.bcd.ch\/wp-content\/uploads\/2020\/05\/Stern_Footer.png\u00a0\u00bb align_tablet=\u00a0\u00bbleft\u00a0\u00bb align_phone=\u00a0\u00bbleft\u00a0\u00bb align_last_edited=\u00a0\u00bbon|tablet\u00a0\u00bb disabled_on=\u00a0\u00bbon|off|off\u00a0\u00bb _builder_version=\u00a0\u00bb4.4.8&Prime; width=\u00a0\u00bb9%\u00a0\u00bb width_tablet=\u00a0\u00bb7%\u00a0\u00bb width_phone=\u00a0\u00bb11%\u00a0\u00bb width_last_edited=\u00a0\u00bbon|phone\u00a0\u00bb module_alignment=\u00a0\u00bbleft\u00a0\u00bb custom_margin=\u00a0\u00bb||12px||false|false\u00a0\u00bb][\/et_pb_image][et_pb_text disabled_on=\u00a0\u00bbon|off|off\u00a0\u00bb _builder_version=\u00a0\u00bb4.4.8&Prime; custom_margin=\u00a0\u00bb||10px||false|false\u00a0\u00bb custom_margin_tablet=\u00a0\u00bb\u00a0\u00bb custom_margin_phone=\u00a0\u00bb||0px||false|false\u00a0\u00bb custom_margin_last_edited=\u00a0\u00bbon|phone\u00a0\u00bb]<\/p>\n<p>Portable 0<span class=\"s1\">79 334 59 00<br \/><a title=\"E-Mail\" href=\"mailto:info@lunapark.ch\" target=\"_blank\" rel=\"noopener noreferrer\">info@lunapark.ch<\/a><br \/><a title=\"Laubscher Lunapark AG\" href=\"https:\/\/www.lunapark.ch\">www.lunapark.ch<\/a><br \/><\/span><\/p>\n<p>[\/et_pb_text][\/et_pb_column][et_pb_column type=\u00a0\u00bb1_3&Prime; _builder_version=\u00a0\u00bb4.4.8&Prime;][et_pb_image src=\u00a0\u00bbhttps:\/\/crealunapark.bcd.ch\/wp-content\/uploads\/2020\/05\/Stern_Footer.png\u00a0\u00bb align_tablet=\u00a0\u00bbleft\u00a0\u00bb align_phone=\u00a0\u00bbleft\u00a0\u00bb align_last_edited=\u00a0\u00bbon|tablet\u00a0\u00bb _builder_version=\u00a0\u00bb4.4.8&Prime; width=\u00a0\u00bb9%\u00a0\u00bb width_tablet=\u00a0\u00bb7%\u00a0\u00bb width_phone=\u00a0\u00bb11%\u00a0\u00bb width_last_edited=\u00a0\u00bbon|phone\u00a0\u00bb module_alignment=\u00a0\u00bbleft\u00a0\u00bb custom_margin=\u00a0\u00bb||12px||false|false\u00a0\u00bb custom_margin_tablet=\u00a0\u00bb\u00a0\u00bb custom_margin_phone=\u00a0\u00bb-40px||||false|false\u00a0\u00bb custom_margin_last_edited=\u00a0\u00bbon|phone\u00a0\u00bb][\/et_pb_image][et_pb_text _builder_version=\u00a0\u00bb4.4.8&Prime;]<\/p>\n<p><a title=\"Mentions l\u00e9gales\" href=\"https:\/\/crealunapark.bcd.ch\/fr\/mentions-legales\/\">Mentions l\u00e9gales<\/a><br \/>Concept et design<br \/><a title=\"Brotbeck Corporate Design AG\" href=\"http:\/\/brotbeck.ch\/de\/index.php\" target=\"_blank\" rel=\"noopener noreferrer\">www.bcd.ch<\/a><\/p>\n<p>[\/et_pb_text][\/et_pb_column][\/et_pb_row][\/et_pb_section][et_pb_section fb_built=\u00a0\u00bb1&Prime; fullwidth=\u00a0\u00bbon\u00a0\u00bb _builder_version=\u00a0\u00bb4.4.6&Prime;][et_pb_fullwidth_image src=\u00a0\u00bbhttps:\/\/crealunapark.bcd.ch\/wp-content\/uploads\/2020\/05\/Linie_Farbverlauf_oben_und_unten.jpg\u00a0\u00bb _builder_version=\u00a0\u00bb4.4.8&Prime;][\/et_pb_fullwidth_image][\/et_pb_section]<\/p>\n","protected":false},"excerpt":{"rendered":"<p>[et_pb_section fb_built=\u00a0\u00bb1&Prime; _builder_version=\u00a0\u00bb4.4.6&Prime; background_image=\u00a0\u00bbhttps:\/\/crealunapark.bcd.ch\/wp-content\/uploads\/2020\/05\/Hintergrund_Linie_1PX_1920PX_Breite.png\u00a0\u00bb background_size=\u00a0\u00bbcontain\u00a0\u00bb background_repeat=\u00a0\u00bbrepeat-y\u00a0\u00bb custom_padding=\u00a0\u00bb||0px|||\u00a0\u00bb][et_pb_row _builder_version=\u00a0\u00bb4.4.6&Prime; width_tablet=\u00a0\u00bb100%\u00a0\u00bb width_phone=\u00a0\u00bb100%\u00a0\u00bb width_last_edited=\u00a0\u00bbon|tablet\u00a0\u00bb custom_padding=\u00a0\u00bb||0px|||\u00a0\u00bb][et_pb_column type=\u00a0\u00bb4_4&Prime; _builder_version=\u00a0\u00bb4.4.6&Prime;] [et_pb_nextend_smart_slider_3 slider=\u00a0\u00bb22&Prime; _builder_version=\u00a0\u00bb4.4.6&Prime;][\/et_pb_nextend_smart_slider_3] [\/et_pb_column][\/et_pb_row][\/et_pb_section][et_pb_section fb_built=\u00a0\u00bb1&Prime; fullwidth=\u00a0\u00bbon\u00a0\u00bb _builder_version=\u00a0\u00bb4.4.8&Prime; background_color=\u00a0\u00bbrgba(0,0,0,0)\u00a0\u00bb background_image=\u00a0\u00bbhttps:\/\/crealunapark.bcd.ch\/wp-content\/uploads\/2020\/07\/Lila_Linie_RGB_fu\u0308r_1920PX_Breite.png\u00a0\u00bb background_size=\u00a0\u00bbcontain\u00a0\u00bb background_repeat=\u00a0\u00bbrepeat-y\u00a0\u00bb][et_pb_fullwidth_image src=\u00a0\u00bbhttps:\/\/crealunapark.bcd.ch\/wp-content\/uploads\/2020\/05\/Hintergrund_Strahlen_1920PX_Breite.png\u00a0\u00bb _builder_version=\u00a0\u00bb4.4.8&Prime;][\/et_pb_fullwidth_image][\/et_pb_section][et_pb_section fb_built=\u00a0\u00bb1&Prime; _builder_version=\u00a0\u00bb4.4.8&Prime; background_color=\u00a0\u00bbrgba(0,0,0,0)\u00a0\u00bb background_image=\u00a0\u00bbhttps:\/\/crealunapark.bcd.ch\/wp-content\/uploads\/2020\/07\/Lila_Linie_RGB_fu\u0308r_1920PX_Breite.png\u00a0\u00bb background_size=\u00a0\u00bbcontain\u00a0\u00bb background_repeat=\u00a0\u00bbrepeat-y\u00a0\u00bb][et_pb_row disabled_on=\u00a0\u00bboff|off|off\u00a0\u00bb _builder_version=\u00a0\u00bb4.4.6&Prime;][et_pb_column type=\u00a0\u00bb4_4&Prime; _builder_version=\u00a0\u00bb4.4.6&Prime;][et_pb_text _builder_version=\u00a0\u00bb4.4.8&Prime; header_5_text_color=\u00a0\u00bb#ffffff\u00a0\u00bb hover_enabled=\u00a0\u00bb0&Prime; header_5_text_color_phone=\u00a0\u00bb#5d3c80&Prime; header_5_font_size_phone=\u00a0\u00bb28px\u00a0\u00bb] Chaises volantes [\/et_pb_text][\/et_pb_column][\/et_pb_row][et_pb_row custom_padding_last_edited=\u00a0\u00bbon|phone\u00a0\u00bb _builder_version=\u00a0\u00bb4.4.6&Prime; width=\u00a0\u00bb62%\u00a0\u00bb width_tablet=\u00a0\u00bb80%\u00a0\u00bb width_phone=\u00a0\u00bb\u00a0\u00bb width_last_edited=\u00a0\u00bbon|desktop\u00a0\u00bb custom_padding=\u00a0\u00bb|7%|||false|false\u00a0\u00bb custom_padding_tablet=\u00a0\u00bb|0%|||false|false\u00a0\u00bb custom_padding_phone=\u00a0\u00bb|0%|||false|false\u00a0\u00bb][et_pb_column type=\u00a0\u00bb4_4&Prime; [&hellip;]<\/p>\n","protected":false},"author":1,"featured_media":0,"parent":0,"menu_order":0,"comment_status":"closed","ping_status":"closed","template":"","meta":{"_et_pb_use_builder":"on","_et_pb_old_content":"","_et_gb_content_width":""},"yoast_head":"<!-- This site is optimized with the Yoast SEO plugin v15.5 - https:\/\/yoast.com\/wordpress\/plugins\/seo\/ -->\n<title>Chaises volantes &ndash; Firmenname<\/title>\n<meta name=\"robots\" content=\"noindex, follow, max-snippet:-1, max-image-preview:large, max-video-preview:-1\" \/>\n<meta property=\"og:locale\" content=\"fr_FR\" \/>\n<meta property=\"og:type\" content=\"article\" \/>\n<meta property=\"og:title\" content=\"Chaises volantes &ndash; Firmenname\" \/>\n<meta property=\"og:description\" content=\"[et_pb_section fb_built=\u00a0\u00bb1&Prime; _builder_version=\u00a0\u00bb4.4.6&Prime; background_image=\u00a0\u00bbhttps:\/\/crealunapark.bcd.ch\/wp-content\/uploads\/2020\/05\/Hintergrund_Linie_1PX_1920PX_Breite.png\u00a0\u00bb background_size=\u00a0\u00bbcontain\u00a0\u00bb background_repeat=\u00a0\u00bbrepeat-y\u00a0\u00bb custom_padding=\u00a0\u00bb||0px|||\u00a0\u00bb][et_pb_row _builder_version=\u00a0\u00bb4.4.6&Prime; width_tablet=\u00a0\u00bb100%\u00a0\u00bb width_phone=\u00a0\u00bb100%\u00a0\u00bb width_last_edited=\u00a0\u00bbon|tablet\u00a0\u00bb custom_padding=\u00a0\u00bb||0px|||\u00a0\u00bb][et_pb_column type=\u00a0\u00bb4_4&Prime; _builder_version=\u00a0\u00bb4.4.6&Prime;] [et_pb_nextend_smart_slider_3 slider=\u00a0\u00bb22&Prime; _builder_version=\u00a0\u00bb4.4.6&Prime;][\/et_pb_nextend_smart_slider_3] [\/et_pb_column][\/et_pb_row][\/et_pb_section][et_pb_section fb_built=\u00a0\u00bb1&Prime; fullwidth=\u00a0\u00bbon\u00a0\u00bb _builder_version=\u00a0\u00bb4.4.8&Prime; background_color=\u00a0\u00bbrgba(0,0,0,0)\u00a0\u00bb background_image=\u00a0\u00bbhttps:\/\/crealunapark.bcd.ch\/wp-content\/uploads\/2020\/07\/Lila_Linie_RGB_fu\u0308r_1920PX_Breite.png\u00a0\u00bb background_size=\u00a0\u00bbcontain\u00a0\u00bb background_repeat=\u00a0\u00bbrepeat-y\u00a0\u00bb][et_pb_fullwidth_image src=\u00a0\u00bbhttps:\/\/crealunapark.bcd.ch\/wp-content\/uploads\/2020\/05\/Hintergrund_Strahlen_1920PX_Breite.png\u00a0\u00bb _builder_version=\u00a0\u00bb4.4.8&Prime;][\/et_pb_fullwidth_image][\/et_pb_section][et_pb_section fb_built=\u00a0\u00bb1&Prime; _builder_version=\u00a0\u00bb4.4.8&Prime; background_color=\u00a0\u00bbrgba(0,0,0,0)\u00a0\u00bb background_image=\u00a0\u00bbhttps:\/\/crealunapark.bcd.ch\/wp-content\/uploads\/2020\/07\/Lila_Linie_RGB_fu\u0308r_1920PX_Breite.png\u00a0\u00bb background_size=\u00a0\u00bbcontain\u00a0\u00bb background_repeat=\u00a0\u00bbrepeat-y\u00a0\u00bb][et_pb_row disabled_on=\u00a0\u00bboff|off|off\u00a0\u00bb _builder_version=\u00a0\u00bb4.4.6&Prime;][et_pb_column type=\u00a0\u00bb4_4&Prime; _builder_version=\u00a0\u00bb4.4.6&Prime;][et_pb_text _builder_version=\u00a0\u00bb4.4.8&Prime; header_5_text_color=\u00a0\u00bb#ffffff\u00a0\u00bb hover_enabled=\u00a0\u00bb0&Prime; header_5_text_color_phone=\u00a0\u00bb#5d3c80&Prime; header_5_font_size_phone=\u00a0\u00bb28px\u00a0\u00bb] Chaises volantes [\/et_pb_text][\/et_pb_column][\/et_pb_row][et_pb_row custom_padding_last_edited=\u00a0\u00bbon|phone\u00a0\u00bb _builder_version=\u00a0\u00bb4.4.6&Prime; width=\u00a0\u00bb62%\u00a0\u00bb width_tablet=\u00a0\u00bb80%\u00a0\u00bb width_phone=\u00a0\u00bb\u00a0\u00bb width_last_edited=\u00a0\u00bbon|desktop\u00a0\u00bb custom_padding=\u00a0\u00bb|7%|||false|false\u00a0\u00bb custom_padding_tablet=\u00a0\u00bb|0%|||false|false\u00a0\u00bb custom_padding_phone=\u00a0\u00bb|0%|||false|false\u00a0\u00bb][et_pb_column type=\u00a0\u00bb4_4&Prime; [&hellip;]\" \/>\n<meta property=\"og:url\" content=\"https:\/\/crealunapark.bcd.ch\/fr\/chaises-volantes\/\" \/>\n<meta property=\"og:site_name\" content=\"Firmenname\" \/>\n<meta property=\"article:modified_time\" content=\"2021-01-22T10:32:43+00:00\" \/>\n<meta name=\"twitter:card\" content=\"summary_large_image\" \/>\n<meta name=\"twitter:label1\" content=\"Dur\u00e9e de lecture est.\">\n\t<meta name=\"twitter:data1\" content=\"6 minutes\">\n<script type=\"application\/ld+json\" class=\"yoast-schema-graph\">{\"@context\":\"https:\/\/schema.org\",\"@graph\":[{\"@type\":\"WebSite\",\"@id\":\"https:\/\/crealunapark.bcd.ch\/#website\",\"url\":\"https:\/\/crealunapark.bcd.ch\/\",\"name\":\"Laubscher Lunapark AG\",\"description\":\"\",\"potentialAction\":[{\"@type\":\"SearchAction\",\"target\":\"https:\/\/crealunapark.bcd.ch\/?s={search_term_string}\",\"query-input\":\"required name=search_term_string\"}],\"inLanguage\":\"fr-FR\"},{\"@type\":\"WebPage\",\"@id\":\"https:\/\/crealunapark.bcd.ch\/fr\/chaises-volantes\/#webpage\",\"url\":\"https:\/\/crealunapark.bcd.ch\/fr\/chaises-volantes\/\",\"name\":\"Chaises volantes &ndash; Firmenname\",\"isPartOf\":{\"@id\":\"https:\/\/crealunapark.bcd.ch\/#website\"},\"datePublished\":\"2021-01-07T13:19:22+00:00\",\"dateModified\":\"2021-01-22T10:32:43+00:00\",\"inLanguage\":\"fr-FR\",\"potentialAction\":[{\"@type\":\"ReadAction\",\"target\":[\"https:\/\/crealunapark.bcd.ch\/fr\/chaises-volantes\/\"]}]}]}<\/script>\n<!-- \/ Yoast SEO plugin. -->","_links":{"self":[{"href":"https:\/\/crealunapark.bcd.ch\/fr\/wp-json\/wp\/v2\/pages\/1851"}],"collection":[{"href":"https:\/\/crealunapark.bcd.ch\/fr\/wp-json\/wp\/v2\/pages"}],"about":[{"href":"https:\/\/crealunapark.bcd.ch\/fr\/wp-json\/wp\/v2\/types\/page"}],"author":[{"embeddable":true,"href":"https:\/\/crealunapark.bcd.ch\/fr\/wp-json\/wp\/v2\/users\/1"}],"replies":[{"embeddable":true,"href":"https:\/\/crealunapark.bcd.ch\/fr\/wp-json\/wp\/v2\/comments?post=1851"}],"version-history":[{"count":5,"href":"https:\/\/crealunapark.bcd.ch\/fr\/wp-json\/wp\/v2\/pages\/1851\/revisions"}],"predecessor-version":[{"id":1988,"href":"https:\/\/crealunapark.bcd.ch\/fr\/wp-json\/wp\/v2\/pages\/1851\/revisions\/1988"}],"wp:attachment":[{"href":"https:\/\/crealunapark.bcd.ch\/fr\/wp-json\/wp\/v2\/media?parent=1851"}],"curies":[{"name":"wp","href":"https:\/\/api.w.org\/{rel}","templated":true}]}}